{"id":482,"date":"2025-05-21T08:58:26","date_gmt":"2025-05-21T07:58:26","guid":{"rendered":"https:\/\/seo.geoffroycrabieres.com\/?page_id=482"},"modified":"2025-06-02T09:56:07","modified_gmt":"2025-06-02T08:56:07","slug":"politique-de-confidentialite","status":"publish","type":"page","link":"https:\/\/seo.geoffroycrabieres.com\/en\/politique-de-confidentialite\/","title":{"rendered":"Privacy Policy"},"content":{"rendered":"<div class=\"wp-block-columns alignwide no-margin-top is-layout-flex wp-container-core-columns-is-layout-9d6595d7 wp-block-columns-is-layout-flex\">\n<div class=\"wp-block-column is-layout-flow wp-block-column-is-layout-flow\" style=\"flex-basis:66.66%\">\n<h2 class=\"wp-block-heading\">1. Pr\u00e9sentation du site.<\/h2>\n\n\n\n<p>En vertu de l\u2019article 6 de la loi n\u00b0 2004-575 du 21 juin 2004 pour la confiance dans l\u2019\u00e9conomie num\u00e9rique, il est pr\u00e9cis\u00e9 aux utilisateurs du site&nbsp;www.tuskimigallery&nbsp;l\u2019identit\u00e9 des diff\u00e9rents intervenants dans le cadre de sa r\u00e9alisation et de son suivi :<\/p>\n\n\n\n<p><strong>Propri\u00e9taire<\/strong>&nbsp;: M. Maxime Mauchamp<\/p>\n\n\n\n<p><strong>Si\u00e8ge Social<\/strong>&nbsp;:&nbsp;<a href=\"https:\/\/www.google.com\/maps\/search\/99+AVENUE+ACHILLE+PERETTI+92200+NEUILLY-SUR-SEINE?entry=gmail&amp;source=g\" target=\"_blank\" rel=\"noreferrer noopener\">99 AVENUE ACHILLE PERETTI 92200 NEUILLY-SUR-SEINE<\/a><\/p>\n\n\n\n<p><strong>Responsable publication<\/strong>&nbsp;: Maxime Mauchamp \u2013&nbsp;<a href=\"mailto:info@tsukimigallery.com\" target=\"_blank\" rel=\"noreferrer noopener\">info@tsukimigallery.com<\/a><\/p>\n\n\n\n<p><strong>Webmaster<\/strong>&nbsp;: Maxime Mauchamp \u2013&nbsp;<a href=\"mailto:info@tsukimigallery.com\" target=\"_blank\" rel=\"noreferrer noopener\">info@tsukimigallery.com<\/a><br><\/p>\n\n\n\n<h2 class=\"wp-block-heading\">2. Conditions g\u00e9n\u00e9rales d\u2019utilisation du site et des services propos\u00e9s.<\/h2>\n\n\n\n<p>L\u2019utilisation du site&nbsp;<a href=\"https:\/\/www.tsukimigallery.com\/\" target=\"_blank\" rel=\"noreferrer noopener\">tsukimigallery.com&nbsp;<\/a>implique l\u2019acceptation pleine et enti\u00e8re des conditions g\u00e9n\u00e9rales d\u2019utilisation ci-apr\u00e8s d\u00e9crites. Ces conditions d\u2019utilisation sont susceptibles d\u2019\u00eatre modifi\u00e9es ou compl\u00e9t\u00e9es \u00e0 tout moment, les utilisateurs du site&nbsp;<a href=\"https:\/\/www.tsukimigallery.com\/\" target=\"_blank\" rel=\"noreferrer noopener\">tsukimigallery.com&nbsp;<\/a>sont donc invit\u00e9s \u00e0 les consulter de mani\u00e8re r\u00e9guli\u00e8re.<\/p>\n\n\n\n<p>Ce site est normalement accessible \u00e0 tout moment aux utilisateurs. Une interruption pour raison de maintenance technique peut \u00eatre toutefois d\u00e9cid\u00e9e par Maxime Mauchamp.<\/p>\n\n\n\n<p>Le site&nbsp;<a href=\"https:\/\/www.tsukimigallery.com\/\" target=\"_blank\" rel=\"noreferrer noopener\">tsukimigallery.com&nbsp;<\/a>est mis \u00e0 jour r\u00e9guli\u00e8rement par Maxime Mauchamp. De la m\u00eame fa\u00e7on, les mentions l\u00e9gales peuvent \u00eatre modifi\u00e9es \u00e0 tout moment : elles s\u2019imposent n\u00e9anmoins \u00e0 l\u2019utilisateur qui est invit\u00e9 \u00e0 s\u2019y r\u00e9f\u00e9rer le plus souvent possible afin d\u2019en prendre connaissance.<\/p>\n\n\n\n<h2 class=\"wp-block-heading\">3. Description des services fournis.<\/h2>\n\n\n\n<p>Le site\u00a0<a href=\"https:\/\/www.tsukimigallery.com\/\" target=\"_blank\" rel=\"noreferrer noopener\">tsukimigallery.com<\/a> a pour objet de fournir une information concernant l\u2019ensemble des activit\u00e9s de la soci\u00e9t\u00e9.<\/p>\n\n\n\n<p>Maxime Mauchamp strives to provide as accurate information as possible on\u00a0<a href=\"https:\/\/www.tsukimigallery.com\/\" target=\"_blank\" rel=\"noreferrer noopener\">tsukimigallery.com\u00a0<\/a>des informations aussi pr\u00e9cises que possible. Toutefois, il ne pourra \u00eatre tenu responsable des omissions, des inexactitudes et des carences dans la mise \u00e0 jour, qu\u2019elles soient de son fait ou du fait des tiers partenaires qui lui fournissent ces informations.<\/p>\n\n\n\n<p>Toutes les informations indiqu\u00e9es sur le site\u00a0<a href=\"https:\/\/www.tsukimigallery.com\/\" target=\"_blank\" rel=\"noreferrer noopener\">tsukimigallery.com<\/a> sont donn\u00e9es \u00e0 titre indicatif, et sont susceptibles d\u2019\u00e9voluer. Par ailleurs, les renseignements figurant sur le site\u00a0<a href=\"https:\/\/www.tsukimigallery.com\/\" target=\"_blank\" rel=\"noreferrer noopener\">tsukimigallery.com\u00a0<\/a>ne sont pas exhaustifs. Ils sont donn\u00e9s sous r\u00e9serve de modifications ayant \u00e9t\u00e9 apport\u00e9es depuis leur mise en ligne.<\/p>\n\n\n\n<h2 class=\"wp-block-heading\">4. Propri\u00e9t\u00e9 intellectuelle et contrefa\u00e7ons.<\/h2>\n\n\n\n<p>Maxime Mauchamp est propri\u00e9taire des droits de propri\u00e9t\u00e9 intellectuelle ou d\u00e9tient les droits d\u2019usage sur tous les \u00e9l\u00e9ments accessibles sur le site, notamment les textes, images, graphismes, logo, ic\u00f4nes, sons, logiciels.<\/p>\n\n\n\n<p>Toute reproduction, repr\u00e9sentation, modification, publication, adaptation de tout ou partie des \u00e9l\u00e9ments du site, quel que soit le moyen ou le proc\u00e9d\u00e9 utilis\u00e9, est interdite, sauf autorisation \u00e9crite pr\u00e9alable de Maxime Mauchamp&nbsp;:&nbsp;<a href=\"mailto:info@tsukimigallery.com\" target=\"_blank\" rel=\"noreferrer noopener\">info@tsukimigallery.com<\/a><\/p>\n\n\n\n<p>Toute exploitation non autoris\u00e9e du site ou de l\u2019un quelconque des \u00e9l\u00e9ments qu\u2019il contient sera consid\u00e9r\u00e9e comme constitutive d\u2019une contrefa\u00e7on et poursuivie conform\u00e9ment aux dispositions des articles L.335-2 et suivants du Code de Propri\u00e9t\u00e9 Intellectuelle.<\/p>\n\n\n\n<h2 class=\"wp-block-heading\">5. Limitations de responsabilit\u00e9.<\/h2>\n\n\n\n<p>Des espaces interactifs (possibilit\u00e9 de poser des questions dans l\u2019espace contact) sont \u00e0 la disposition des utilisateurs. Tsukimi Gallery se r\u00e9serve le droit de supprimer, sans mise en demeure pr\u00e9alable, tout contenu d\u00e9pos\u00e9 dans cet espace qui contreviendrait \u00e0 la l\u00e9gislation applicable en France, en particulier aux dispositions relatives \u00e0 la protection des donn\u00e9es. Le cas \u00e9ch\u00e9ant, Maxime Mauchamp se r\u00e9serve \u00e9galement la possibilit\u00e9 de mettre en cause la responsabilit\u00e9 civile et\/ou p\u00e9nale de l\u2019utilisateur, notamment en cas de message \u00e0 caract\u00e8re raciste, injurieux, diffamant, ou pornographique, quel que soit le support utilis\u00e9 (texte, photographie\u2026).<\/p>\n\n\n\n<h2 class=\"wp-block-heading\">6. Gestion des donn\u00e9es personnelles.<\/h2>\n\n\n\n<p>En France, les donn\u00e9es personnelles sont notamment prot\u00e9g\u00e9es par la loi n\u00b0 78-87 du 6 janvier 1978, la loi n\u00b0 2004-801 du 6 ao\u00fbt 2004, l\u2019article L. 226-13 du Code p\u00e9nal et la Directive Europ\u00e9enne du 24 octobre 1995.<\/p>\n\n\n\n<p>En tout \u00e9tat de cause Tsukimi Gallery ne collecte des informations personnelles relatives \u00e0 l\u2019utilisateur que pour le besoin de certains services propos\u00e9s par le site&nbsp;<a href=\"http:\/\/tsukimigallery.com\/\" target=\"_blank\" rel=\"noreferrer noopener\">tsukimigallery.com<\/a>.&nbsp; Ces informations nous permettent de vous informer de nos publications (e-catalogue), newsletter, nouvelles acquisitions, etc. Elles sont r\u00e9serv\u00e9es \u00e0 l\u2019\u00e9quipe de Tsukimi Gallery, sont prot\u00e9g\u00e9es et ne sont pas divulgu\u00e9es ni c\u00e9d\u00e9es.<br><br>Conform\u00e9ment aux dispositions des articles 38 et suivants de la loi 78-17 du 6 janvier 1978 relative \u00e0 l\u2019informatique, aux fichiers et aux libert\u00e9s, tout utilisateur dispose d\u2019un droit d\u2019acc\u00e8s, de rectification et d\u2019opposition aux donn\u00e9es personnelles le concernant, en effectuant sa demande \u00e9crite par email (<a href=\"mailto:info@tsukimigallery.com\" target=\"_blank\" rel=\"noreferrer noopener\">info@tsukimigallery.com<\/a>) accompagn\u00e9e d\u2019une copie du titre d\u2019identit\u00e9 avec signature du titulaire de la pi\u00e8ce.<\/p>\n\n\n\n<h2 class=\"wp-block-heading\">7. Liens hypertextes et cookies.<\/h2>\n\n\n\n<p>Le site&nbsp;&nbsp;<a href=\"https:\/\/www.tsukimigallery.com\/\" target=\"_blank\" rel=\"noreferrer noopener\">tsukimigallery.com&nbsp;<\/a>peut contenir un certain nombre de liens hypertextes vers d\u2019autres sites, mis en place avec l\u2019autorisation de Maxime Mauchamp. Cependant, Maxime Mauchamp n\u2019a pas la possibilit\u00e9 de v\u00e9rifier le contenu des sites ainsi visit\u00e9s, et n\u2019assumera en cons\u00e9quence aucune responsabilit\u00e9 de ce fait.<\/p>\n\n\n\n<p>La navigation sur le site&nbsp;<a href=\"https:\/\/www.tsukimigallery.com\/\" target=\"_blank\" rel=\"noreferrer noopener\">tsukimigallery.com&nbsp;<\/a>est susceptible de provoquer l\u2019installation de cookie(s) sur l\u2019ordinateur de l\u2019utilisateur. Un cookie est un fichier de petite taille, qui ne permet pas l\u2019identification de l\u2019utilisateur, mais qui enregistre des informations relatives \u00e0 la navigation d\u2019un ordinateur sur un site. Les donn\u00e9es ainsi obtenues visent \u00e0 faciliter la navigation ult\u00e9rieure sur le site, et ont \u00e9galement vocation \u00e0 permettre diverses mesures de fr\u00e9quentation.<\/p>\n\n\n\n<h2 class=\"wp-block-heading\">8. Droit applicable et attribution de juridiction.<\/h2>\n\n\n\n<p>Tout litige en relation avec l\u2019utilisation du site&nbsp;<a href=\"https:\/\/www.tsukimigallery.com\/\" target=\"_blank\" rel=\"noreferrer noopener\">tsukimigallery.com&nbsp;<\/a>est soumis au droit fran\u00e7ais.<\/p>\n<\/div>\n\n\n\n<div class=\"wp-block-column is-layout-flow wp-block-column-is-layout-flow\" style=\"flex-basis:33.33%\"><\/div>\n<\/div>","protected":false},"excerpt":{"rendered":"<p>1. Pr\u00e9sentation du site. En vertu de l\u2019article 6 de la loi n\u00b0 2004-575 du 21 juin 2004 pour la confiance dans l\u2019\u00e9conomie num\u00e9rique, il est pr\u00e9cis\u00e9 aux utilisateurs du site&nbsp;www.tuskimigallery&nbsp;l\u2019identit\u00e9 des diff\u00e9rents intervenants dans le cadre de sa r\u00e9alisation et de son suivi : Propri\u00e9taire&nbsp;: M. Maxime Mauchamp Si\u00e8ge Social&nbsp;:&nbsp;99 AVENUE ACHILLE PERETTI 92200 [&hellip;]<\/p>","protected":false},"author":1,"featured_media":0,"parent":0,"menu_order":0,"comment_status":"closed","ping_status":"closed","template":"","meta":{"_editorskit_title_hidden":false,"_editorskit_reading_time":0,"_editorskit_is_block_options_detached":false,"_editorskit_block_options_position":"{}","_eb_attr":"","footnotes":""},"class_list":["post-482","page","type-page","status-publish","hentry"],"yoast_head":"<!-- This site is optimized with the Yoast SEO plugin v25.9 - https:\/\/yoast.com\/wordpress\/plugins\/seo\/ -->\n<title>Politique de confidentialit\u00e9 - Tsukimi Gallery<\/title>\n<meta name=\"robots\" content=\"noindex, follow, max-snippet:-1, max-image-preview:large, max-video-preview:-1\" \/>\n<meta property=\"og:locale\" content=\"en_GB\" \/>\n<meta property=\"og:type\" content=\"article\" \/>\n<meta property=\"og:title\" content=\"Politique de confidentialit\u00e9 - Tsukimi Gallery\" \/>\n<meta property=\"og:description\" content=\"1. Pr\u00e9sentation du site. En vertu de l\u2019article 6 de la loi n\u00b0 2004-575 du 21 juin 2004 pour la confiance dans l\u2019\u00e9conomie num\u00e9rique, il est pr\u00e9cis\u00e9 aux utilisateurs du site&nbsp;www.tuskimigallery&nbsp;l\u2019identit\u00e9 des diff\u00e9rents intervenants dans le cadre de sa r\u00e9alisation et de son suivi : Propri\u00e9taire&nbsp;: M. Maxime Mauchamp Si\u00e8ge Social&nbsp;:&nbsp;99 AVENUE ACHILLE PERETTI 92200 [&hellip;]\" \/>\n<meta property=\"og:url\" content=\"https:\/\/seo.geoffroycrabieres.com\/en\/politique-de-confidentialite\/\" \/>\n<meta property=\"og:site_name\" content=\"Tsukimi Gallery\" \/>\n<meta property=\"article:modified_time\" content=\"2025-06-02T08:56:07+00:00\" \/>\n<meta name=\"twitter:card\" content=\"summary_large_image\" \/>\n<meta name=\"twitter:label1\" content=\"Estimated reading time\" \/>\n\t<meta name=\"twitter:data1\" content=\"5 minutes\" \/>\n<script type=\"application\/ld+json\" class=\"yoast-schema-graph\">{\"@context\":\"https:\/\/schema.org\",\"@graph\":[{\"@type\":\"WebPage\",\"@id\":\"https:\/\/seo.geoffroycrabieres.com\/politique-de-confidentialite\/\",\"url\":\"https:\/\/seo.geoffroycrabieres.com\/politique-de-confidentialite\/\",\"name\":\"Politique de confidentialit\u00e9 - Tsukimi Gallery\",\"isPartOf\":{\"@id\":\"https:\/\/seo.geoffroycrabieres.com\/#website\"},\"datePublished\":\"2025-05-21T07:58:26+00:00\",\"dateModified\":\"2025-06-02T08:56:07+00:00\",\"breadcrumb\":{\"@id\":\"https:\/\/seo.geoffroycrabieres.com\/politique-de-confidentialite\/#breadcrumb\"},\"inLanguage\":\"en-GB\",\"potentialAction\":[{\"@type\":\"ReadAction\",\"target\":[\"https:\/\/seo.geoffroycrabieres.com\/politique-de-confidentialite\/\"]}]},{\"@type\":\"BreadcrumbList\",\"@id\":\"https:\/\/seo.geoffroycrabieres.com\/politique-de-confidentialite\/#breadcrumb\",\"itemListElement\":[{\"@type\":\"ListItem\",\"position\":1,\"name\":\"Accueil\",\"item\":\"https:\/\/seo.geoffroycrabieres.com\/\"},{\"@type\":\"ListItem\",\"position\":2,\"name\":\"Politique de confidentialit\u00e9\"}]},{\"@type\":\"WebSite\",\"@id\":\"https:\/\/seo.geoffroycrabieres.com\/#website\",\"url\":\"https:\/\/seo.geoffroycrabieres.com\/\",\"name\":\"Tsukimi Gallery\",\"description\":\"\",\"publisher\":{\"@id\":\"https:\/\/seo.geoffroycrabieres.com\/#organization\"},\"potentialAction\":[{\"@type\":\"SearchAction\",\"target\":{\"@type\":\"EntryPoint\",\"urlTemplate\":\"https:\/\/seo.geoffroycrabieres.com\/?s={search_term_string}\"},\"query-input\":{\"@type\":\"PropertyValueSpecification\",\"valueRequired\":true,\"valueName\":\"search_term_string\"}}],\"inLanguage\":\"en-GB\"},{\"@type\":\"Organization\",\"@id\":\"https:\/\/seo.geoffroycrabieres.com\/#organization\",\"name\":\"Tsukimi Gallery\",\"url\":\"https:\/\/seo.geoffroycrabieres.com\/\",\"logo\":{\"@type\":\"ImageObject\",\"inLanguage\":\"en-GB\",\"@id\":\"https:\/\/seo.geoffroycrabieres.com\/#\/schema\/logo\/image\/\",\"url\":\"https:\/\/seo.geoffroycrabieres.com\/wp-content\/uploads\/2025\/04\/Logo-color.png\",\"contentUrl\":\"https:\/\/seo.geoffroycrabieres.com\/wp-content\/uploads\/2025\/04\/Logo-color.png\",\"width\":363,\"height\":100,\"caption\":\"Tsukimi Gallery\"},\"image\":{\"@id\":\"https:\/\/seo.geoffroycrabieres.com\/#\/schema\/logo\/image\/\"}}]}<\/script>\n<!-- \/ Yoast SEO plugin. -->","yoast_head_json":{"title":"Politique de confidentialit\u00e9 - Tsukimi Gallery","robots":{"index":"noindex","follow":"follow","max-snippet":"max-snippet:-1","max-image-preview":"max-image-preview:large","max-video-preview":"max-video-preview:-1"},"og_locale":"en_GB","og_type":"article","og_title":"Politique de confidentialit\u00e9 - Tsukimi Gallery","og_description":"1. Pr\u00e9sentation du site. En vertu de l\u2019article 6 de la loi n\u00b0 2004-575 du 21 juin 2004 pour la confiance dans l\u2019\u00e9conomie num\u00e9rique, il est pr\u00e9cis\u00e9 aux utilisateurs du site&nbsp;www.tuskimigallery&nbsp;l\u2019identit\u00e9 des diff\u00e9rents intervenants dans le cadre de sa r\u00e9alisation et de son suivi : Propri\u00e9taire&nbsp;: M. Maxime Mauchamp Si\u00e8ge Social&nbsp;:&nbsp;99 AVENUE ACHILLE PERETTI 92200 [&hellip;]","og_url":"https:\/\/seo.geoffroycrabieres.com\/en\/politique-de-confidentialite\/","og_site_name":"Tsukimi Gallery","article_modified_time":"2025-06-02T08:56:07+00:00","twitter_card":"summary_large_image","twitter_misc":{"Estimated reading time":"5 minutes"},"schema":{"@context":"https:\/\/schema.org","@graph":[{"@type":"WebPage","@id":"https:\/\/seo.geoffroycrabieres.com\/politique-de-confidentialite\/","url":"https:\/\/seo.geoffroycrabieres.com\/politique-de-confidentialite\/","name":"Politique de confidentialit\u00e9 - Tsukimi Gallery","isPartOf":{"@id":"https:\/\/seo.geoffroycrabieres.com\/#website"},"datePublished":"2025-05-21T07:58:26+00:00","dateModified":"2025-06-02T08:56:07+00:00","breadcrumb":{"@id":"https:\/\/seo.geoffroycrabieres.com\/politique-de-confidentialite\/#breadcrumb"},"inLanguage":"en-GB","potentialAction":[{"@type":"ReadAction","target":["https:\/\/seo.geoffroycrabieres.com\/politique-de-confidentialite\/"]}]},{"@type":"BreadcrumbList","@id":"https:\/\/seo.geoffroycrabieres.com\/politique-de-confidentialite\/#breadcrumb","itemListElement":[{"@type":"ListItem","position":1,"name":"Accueil","item":"https:\/\/seo.geoffroycrabieres.com\/"},{"@type":"ListItem","position":2,"name":"Politique de confidentialit\u00e9"}]},{"@type":"WebSite","@id":"https:\/\/seo.geoffroycrabieres.com\/#website","url":"https:\/\/seo.geoffroycrabieres.com\/","name":"Tsukimi Gallery","description":"","publisher":{"@id":"https:\/\/seo.geoffroycrabieres.com\/#organization"},"potentialAction":[{"@type":"SearchAction","target":{"@type":"EntryPoint","urlTemplate":"https:\/\/seo.geoffroycrabieres.com\/?s={search_term_string}"},"query-input":{"@type":"PropertyValueSpecification","valueRequired":true,"valueName":"search_term_string"}}],"inLanguage":"en-GB"},{"@type":"Organization","@id":"https:\/\/seo.geoffroycrabieres.com\/#organization","name":"Tsukimi Gallery","url":"https:\/\/seo.geoffroycrabieres.com\/","logo":{"@type":"ImageObject","inLanguage":"en-GB","@id":"https:\/\/seo.geoffroycrabieres.com\/#\/schema\/logo\/image\/","url":"https:\/\/seo.geoffroycrabieres.com\/wp-content\/uploads\/2025\/04\/Logo-color.png","contentUrl":"https:\/\/seo.geoffroycrabieres.com\/wp-content\/uploads\/2025\/04\/Logo-color.png","width":363,"height":100,"caption":"Tsukimi Gallery"},"image":{"@id":"https:\/\/seo.geoffroycrabieres.com\/#\/schema\/logo\/image\/"}}]}},"_links":{"self":[{"href":"https:\/\/seo.geoffroycrabieres.com\/en\/wp-json\/wp\/v2\/pages\/482","targetHints":{"allow":["GET"]}}],"collection":[{"href":"https:\/\/seo.geoffroycrabieres.com\/en\/wp-json\/wp\/v2\/pages"}],"about":[{"href":"https:\/\/seo.geoffroycrabieres.com\/en\/wp-json\/wp\/v2\/types\/page"}],"author":[{"embeddable":true,"href":"https:\/\/seo.geoffroycrabieres.com\/en\/wp-json\/wp\/v2\/users\/1"}],"replies":[{"embeddable":true,"href":"https:\/\/seo.geoffroycrabieres.com\/en\/wp-json\/wp\/v2\/comments?post=482"}],"version-history":[{"count":4,"href":"https:\/\/seo.geoffroycrabieres.com\/en\/wp-json\/wp\/v2\/pages\/482\/revisions"}],"predecessor-version":[{"id":540,"href":"https:\/\/seo.geoffroycrabieres.com\/en\/wp-json\/wp\/v2\/pages\/482\/revisions\/540"}],"wp:attachment":[{"href":"https:\/\/seo.geoffroycrabieres.com\/en\/wp-json\/wp\/v2\/media?parent=482"}],"curies":[{"name":"wp","href":"https:\/\/api.w.org\/{rel}","templated":true}]}}