{"id":473,"date":"2025-04-28T21:56:56","date_gmt":"2025-04-28T20:56:56","guid":{"rendered":"https:\/\/seo.geoffroycrabieres.com\/?post_type=product&#038;p=473"},"modified":"2025-08-19T09:41:19","modified_gmt":"2025-08-19T08:41:19","slug":"vase-bronze-hannya-kankei","status":"publish","type":"product","link":"https:\/\/seo.geoffroycrabieres.com\/en\/product\/vase-bronze-hannya-kankei\/","title":{"rendered":"Vase en bronze et or"},"content":{"rendered":"<p><strong>About Hannya Kankei<\/strong><\/p>\n\n\n\n<p>Hannya Kankei est un membre r\u00e9gulier de l&rsquo;association Kogei. N\u00e9 \u00e0 Takaoka, il est la quatri\u00e8me g\u00e9n\u00e9ration de la fonderie familiale Hannya, fabriquant des objets en cuivre de haute qualit\u00e9 depuis 1870. Il \u00e9tudie la fonderie aupr\u00e8s du tr\u00e9sor national vivant Katori Masahiko (1899-1988) et a rejoint l&rsquo;atelier familial en 1950. Il commence ensuite \u00e0 exposer son travail \u00e0 partir de 1969 \u00e0 l&rsquo;exposition Kogei (artisanat traditionnel japonais), o\u00f9 il remporte le premier prix en 1973 et o\u00f9 il sera ensuite r\u00e9compens\u00e9 \u00e0 plusieurs reprises. En 2001 et 2005, \u00e0 la demande de l&rsquo;Agence de la maison imp\u00e9riale, il a r\u00e9alis\u00e9 des r\u00e9pliques d\u2019anciens bronzes provenant du Shosoin, la salle du tr\u00e9sor du temple Todai-ji \u00e0 Nara.<\/p>\n\n\n\n<div id=\"read-more\">Read more<\/div>","protected":false},"excerpt":{"rendered":"<p>Patinated bronze bottle vase covered with a dark brown patina, inlaid with silver and gold geometric patterns, the gold surface finely chiseled With original inscribed tomobako.<\/p>\n<p>Signed Kankei in silver seal on the base<\/p>\n<p>Showa era, circa 1985<\/p>\n<p>H.20.6 cm, Diam. 13.1 cm<\/p>\n<p>Public collections : <em>Takaoka Art Museum, Tokyo national museum<\/em><\/p>","protected":false},"featured_media":567,"template":"","meta":{"_editorskit_title_hidden":false,"_editorskit_reading_time":0,"_editorskit_is_block_options_detached":false,"_editorskit_block_options_position":"{}","_eb_attr":""},"product_brand":[],"product_cat":[200],"product_tag":[283],"class_list":{"0":"post-473","1":"product","2":"type-product","3":"status-publish","4":"has-post-thumbnail","6":"product_cat-metal","7":"product_tag-hannya-kankei","9":"first","10":"instock","11":"shipping-taxable","12":"purchasable","13":"product-type-simple"},"yoast_head":"<!-- This site is optimized with the Yoast SEO plugin v25.9 - https:\/\/yoast.com\/wordpress\/plugins\/seo\/ -->\n<title>Vase en bronze et or - Tsukimi Gallery<\/title>\n<meta name=\"description\" content=\"Vase en bronze patin\u00e9, incrust\u00e9 d&#039;un d\u00e9cor g\u00e9om\u00e9trique en argent et en or, les surfaces en or finement cisel\u00e9es, \u00c8re Showa, vers 1985, H. 20.6 cm\" \/>\n<meta name=\"robots\" content=\"noindex, follow, max-snippet:-1, max-image-preview:large, max-video-preview:-1\" \/>\n<meta property=\"og:locale\" content=\"en_GB\" \/>\n<meta property=\"og:type\" content=\"article\" \/>\n<meta property=\"og:title\" content=\"Vase en bronze et or - Tsukimi Gallery\" \/>\n<meta property=\"og:description\" content=\"Vase en bronze patin\u00e9, incrust\u00e9 d&#039;un d\u00e9cor g\u00e9om\u00e9trique en argent et en or, les surfaces en or finement cisel\u00e9es, \u00c8re Showa, vers 1985, H. 20.6 cm\" \/>\n<meta property=\"og:url\" content=\"https:\/\/seo.geoffroycrabieres.com\/en\/product\/vase-bronze-hannya-kankei\/\" \/>\n<meta property=\"og:site_name\" content=\"Tsukimi Gallery\" \/>\n<meta property=\"article:modified_time\" content=\"2025-08-19T08:41:19+00:00\" \/>\n<meta property=\"og:image\" content=\"https:\/\/seo.geoffroycrabieres.com\/wp-content\/uploads\/2025\/04\/334557c024e2b669.jpg\" \/>\n\t<meta property=\"og:image:width\" content=\"720\" \/>\n\t<meta property=\"og:image:height\" content=\"514\" \/>\n\t<meta property=\"og:image:type\" content=\"image\/jpeg\" \/>\n<meta name=\"twitter:card\" content=\"summary_large_image\" \/>\n<meta name=\"twitter:label1\" content=\"Estimated reading time\" \/>\n\t<meta name=\"twitter:data1\" content=\"1 minute\" \/>\n<script type=\"application\/ld+json\" class=\"yoast-schema-graph\">{\"@context\":\"https:\/\/schema.org\",\"@graph\":[{\"@type\":\"WebPage\",\"@id\":\"https:\/\/seo.geoffroycrabieres.com\/product\/vase-bronze-hannya-kankei\/\",\"url\":\"https:\/\/seo.geoffroycrabieres.com\/product\/vase-bronze-hannya-kankei\/\",\"name\":\"Vase en bronze et or - Tsukimi Gallery\",\"isPartOf\":{\"@id\":\"https:\/\/seo.geoffroycrabieres.com\/#website\"},\"primaryImageOfPage\":{\"@id\":\"https:\/\/seo.geoffroycrabieres.com\/product\/vase-bronze-hannya-kankei\/#primaryimage\"},\"image\":{\"@id\":\"https:\/\/seo.geoffroycrabieres.com\/product\/vase-bronze-hannya-kankei\/#primaryimage\"},\"thumbnailUrl\":\"https:\/\/seo.geoffroycrabieres.com\/wp-content\/uploads\/2025\/04\/334557c024e2b669.jpg\",\"datePublished\":\"2025-04-28T20:56:56+00:00\",\"dateModified\":\"2025-08-19T08:41:19+00:00\",\"description\":\"Vase en bronze patin\u00e9, incrust\u00e9 d'un d\u00e9cor g\u00e9om\u00e9trique en argent et en or, les surfaces en or finement cisel\u00e9es, \u00c8re Showa, vers 1985, H. 20.6 cm\",\"breadcrumb\":{\"@id\":\"https:\/\/seo.geoffroycrabieres.com\/product\/vase-bronze-hannya-kankei\/#breadcrumb\"},\"inLanguage\":\"en-GB\",\"potentialAction\":[{\"@type\":\"ReadAction\",\"target\":[\"https:\/\/seo.geoffroycrabieres.com\/product\/vase-bronze-hannya-kankei\/\"]}]},{\"@type\":\"ImageObject\",\"inLanguage\":\"en-GB\",\"@id\":\"https:\/\/seo.geoffroycrabieres.com\/product\/vase-bronze-hannya-kankei\/#primaryimage\",\"url\":\"https:\/\/seo.geoffroycrabieres.com\/wp-content\/uploads\/2025\/04\/334557c024e2b669.jpg\",\"contentUrl\":\"https:\/\/seo.geoffroycrabieres.com\/wp-content\/uploads\/2025\/04\/334557c024e2b669.jpg\",\"width\":720,\"height\":514,\"caption\":\"Hannya Kankei Patinated bronze bottle vase covered with a dark brown patina, inlaid with silver and gold geometric patterns\"},{\"@type\":\"BreadcrumbList\",\"@id\":\"https:\/\/seo.geoffroycrabieres.com\/product\/vase-bronze-hannya-kankei\/#breadcrumb\",\"itemListElement\":[{\"@type\":\"ListItem\",\"position\":1,\"name\":\"Accueil\",\"item\":\"https:\/\/seo.geoffroycrabieres.com\/\"},{\"@type\":\"ListItem\",\"position\":2,\"name\":\"Shop\",\"item\":\"https:\/\/seo.geoffroycrabieres.com\/shop\/\"},{\"@type\":\"ListItem\",\"position\":3,\"name\":\"Vase en bronze et or\"}]},{\"@type\":\"WebSite\",\"@id\":\"https:\/\/seo.geoffroycrabieres.com\/#website\",\"url\":\"https:\/\/seo.geoffroycrabieres.com\/\",\"name\":\"Tsukimi Gallery\",\"description\":\"\",\"publisher\":{\"@id\":\"https:\/\/seo.geoffroycrabieres.com\/#organization\"},\"potentialAction\":[{\"@type\":\"SearchAction\",\"target\":{\"@type\":\"EntryPoint\",\"urlTemplate\":\"https:\/\/seo.geoffroycrabieres.com\/?s={search_term_string}\"},\"query-input\":{\"@type\":\"PropertyValueSpecification\",\"valueRequired\":true,\"valueName\":\"search_term_string\"}}],\"inLanguage\":\"en-GB\"},{\"@type\":\"Organization\",\"@id\":\"https:\/\/seo.geoffroycrabieres.com\/#organization\",\"name\":\"Tsukimi Gallery\",\"url\":\"https:\/\/seo.geoffroycrabieres.com\/\",\"logo\":{\"@type\":\"ImageObject\",\"inLanguage\":\"en-GB\",\"@id\":\"https:\/\/seo.geoffroycrabieres.com\/#\/schema\/logo\/image\/\",\"url\":\"https:\/\/seo.geoffroycrabieres.com\/wp-content\/uploads\/2025\/04\/Logo-color.png\",\"contentUrl\":\"https:\/\/seo.geoffroycrabieres.com\/wp-content\/uploads\/2025\/04\/Logo-color.png\",\"width\":363,\"height\":100,\"caption\":\"Tsukimi Gallery\"},\"image\":{\"@id\":\"https:\/\/seo.geoffroycrabieres.com\/#\/schema\/logo\/image\/\"}}]}<\/script>\n<!-- \/ Yoast SEO plugin. -->","yoast_head_json":{"title":"Vase en bronze et or - Tsukimi Gallery","description":"Vase en bronze patin\u00e9, incrust\u00e9 d'un d\u00e9cor g\u00e9om\u00e9trique en argent et en or, les surfaces en or finement cisel\u00e9es, \u00c8re Showa, vers 1985, H. 20.6 cm","robots":{"index":"noindex","follow":"follow","max-snippet":"max-snippet:-1","max-image-preview":"max-image-preview:large","max-video-preview":"max-video-preview:-1"},"og_locale":"en_GB","og_type":"article","og_title":"Vase en bronze et or - Tsukimi Gallery","og_description":"Vase en bronze patin\u00e9, incrust\u00e9 d'un d\u00e9cor g\u00e9om\u00e9trique en argent et en or, les surfaces en or finement cisel\u00e9es, \u00c8re Showa, vers 1985, H. 20.6 cm","og_url":"https:\/\/seo.geoffroycrabieres.com\/en\/product\/vase-bronze-hannya-kankei\/","og_site_name":"Tsukimi Gallery","article_modified_time":"2025-08-19T08:41:19+00:00","og_image":[{"width":720,"height":514,"url":"https:\/\/seo.geoffroycrabieres.com\/wp-content\/uploads\/2025\/04\/334557c024e2b669.jpg","type":"image\/jpeg"}],"twitter_card":"summary_large_image","twitter_misc":{"Estimated reading time":"1 minute"},"schema":{"@context":"https:\/\/schema.org","@graph":[{"@type":"WebPage","@id":"https:\/\/seo.geoffroycrabieres.com\/product\/vase-bronze-hannya-kankei\/","url":"https:\/\/seo.geoffroycrabieres.com\/product\/vase-bronze-hannya-kankei\/","name":"Vase en bronze et or - Tsukimi Gallery","isPartOf":{"@id":"https:\/\/seo.geoffroycrabieres.com\/#website"},"primaryImageOfPage":{"@id":"https:\/\/seo.geoffroycrabieres.com\/product\/vase-bronze-hannya-kankei\/#primaryimage"},"image":{"@id":"https:\/\/seo.geoffroycrabieres.com\/product\/vase-bronze-hannya-kankei\/#primaryimage"},"thumbnailUrl":"https:\/\/seo.geoffroycrabieres.com\/wp-content\/uploads\/2025\/04\/334557c024e2b669.jpg","datePublished":"2025-04-28T20:56:56+00:00","dateModified":"2025-08-19T08:41:19+00:00","description":"Vase en bronze patin\u00e9, incrust\u00e9 d'un d\u00e9cor g\u00e9om\u00e9trique en argent et en or, les surfaces en or finement cisel\u00e9es, \u00c8re Showa, vers 1985, H. 20.6 cm","breadcrumb":{"@id":"https:\/\/seo.geoffroycrabieres.com\/product\/vase-bronze-hannya-kankei\/#breadcrumb"},"inLanguage":"en-GB","potentialAction":[{"@type":"ReadAction","target":["https:\/\/seo.geoffroycrabieres.com\/product\/vase-bronze-hannya-kankei\/"]}]},{"@type":"ImageObject","inLanguage":"en-GB","@id":"https:\/\/seo.geoffroycrabieres.com\/product\/vase-bronze-hannya-kankei\/#primaryimage","url":"https:\/\/seo.geoffroycrabieres.com\/wp-content\/uploads\/2025\/04\/334557c024e2b669.jpg","contentUrl":"https:\/\/seo.geoffroycrabieres.com\/wp-content\/uploads\/2025\/04\/334557c024e2b669.jpg","width":720,"height":514,"caption":"Hannya Kankei Patinated bronze bottle vase covered with a dark brown patina, inlaid with silver and gold geometric patterns"},{"@type":"BreadcrumbList","@id":"https:\/\/seo.geoffroycrabieres.com\/product\/vase-bronze-hannya-kankei\/#breadcrumb","itemListElement":[{"@type":"ListItem","position":1,"name":"Accueil","item":"https:\/\/seo.geoffroycrabieres.com\/"},{"@type":"ListItem","position":2,"name":"Shop","item":"https:\/\/seo.geoffroycrabieres.com\/shop\/"},{"@type":"ListItem","position":3,"name":"Vase en bronze et or"}]},{"@type":"WebSite","@id":"https:\/\/seo.geoffroycrabieres.com\/#website","url":"https:\/\/seo.geoffroycrabieres.com\/","name":"Tsukimi Gallery","description":"","publisher":{"@id":"https:\/\/seo.geoffroycrabieres.com\/#organization"},"potentialAction":[{"@type":"SearchAction","target":{"@type":"EntryPoint","urlTemplate":"https:\/\/seo.geoffroycrabieres.com\/?s={search_term_string}"},"query-input":{"@type":"PropertyValueSpecification","valueRequired":true,"valueName":"search_term_string"}}],"inLanguage":"en-GB"},{"@type":"Organization","@id":"https:\/\/seo.geoffroycrabieres.com\/#organization","name":"Tsukimi Gallery","url":"https:\/\/seo.geoffroycrabieres.com\/","logo":{"@type":"ImageObject","inLanguage":"en-GB","@id":"https:\/\/seo.geoffroycrabieres.com\/#\/schema\/logo\/image\/","url":"https:\/\/seo.geoffroycrabieres.com\/wp-content\/uploads\/2025\/04\/Logo-color.png","contentUrl":"https:\/\/seo.geoffroycrabieres.com\/wp-content\/uploads\/2025\/04\/Logo-color.png","width":363,"height":100,"caption":"Tsukimi Gallery"},"image":{"@id":"https:\/\/seo.geoffroycrabieres.com\/#\/schema\/logo\/image\/"}}]}},"_links":{"self":[{"href":"https:\/\/seo.geoffroycrabieres.com\/en\/wp-json\/wp\/v2\/product\/473","targetHints":{"allow":["GET"]}}],"collection":[{"href":"https:\/\/seo.geoffroycrabieres.com\/en\/wp-json\/wp\/v2\/product"}],"about":[{"href":"https:\/\/seo.geoffroycrabieres.com\/en\/wp-json\/wp\/v2\/types\/product"}],"wp:featuredmedia":[{"embeddable":true,"href":"https:\/\/seo.geoffroycrabieres.com\/en\/wp-json\/wp\/v2\/media\/567"}],"wp:attachment":[{"href":"https:\/\/seo.geoffroycrabieres.com\/en\/wp-json\/wp\/v2\/media?parent=473"}],"wp:term":[{"taxonomy":"product_brand","embeddable":true,"href":"https:\/\/seo.geoffroycrabieres.com\/en\/wp-json\/wp\/v2\/product_brand?post=473"},{"taxonomy":"product_cat","embeddable":true,"href":"https:\/\/seo.geoffroycrabieres.com\/en\/wp-json\/wp\/v2\/product_cat?post=473"},{"taxonomy":"product_tag","embeddable":true,"href":"https:\/\/seo.geoffroycrabieres.com\/en\/wp-json\/wp\/v2\/product_tag?post=473"}],"curies":[{"name":"wp","href":"https:\/\/api.w.org\/{rel}","templated":true}]}}