{"id":514,"date":"2025-05-29T17:03:01","date_gmt":"2025-05-29T16:03:01","guid":{"rendered":"https:\/\/seo.geoffroycrabieres.com\/?post_type=product&#038;p=514"},"modified":"2025-08-19T10:02:23","modified_gmt":"2025-08-19T09:02:23","slug":"vase-email-cloisonne-ando-jubei","status":"publish","type":"product","link":"https:\/\/seo.geoffroycrabieres.com\/en\/product\/vase-email-cloisonne-ando-jubei\/","title":{"rendered":"Cloisonn\u00e9 enamel vase"},"content":{"rendered":"<p><strong>About And\u014d Company<\/strong><\/p>\n\n\n\n<p>Founded by And\u014d Jubei around 1880 in the city of Nagoya, the And\u014d Company was one the foremost cloisonn\u00e9 enamel makers during the Meiji period (1868-1912). Perfecting various enameling techniques, And\u014d Jubei's workshop won many prizes, starting with the medal obtained during the World's Columbian Exhibition of Chicago in 1893. Around 1900, year of the Exposition Universelle in Paris, And\u014d Company was appointed supplier of the Imperial Household,which then ordered pieces for diplomatic gifts.<\/p>\n\n\n\n<p>Reinventing its design, decor and techniques for almost 150 years, the company is the only enamel makers founded in the 19th century that is still producing high quality pieces.<\/p>\n\n\n\n<div id=\"read-more\">Read more<\/div>","protected":false},"excerpt":{"rendered":"<p>Cloisonn\u00e9 enamel vase decorated with orange and creme stems of barley on a dark red ground, with silver wires and mounts<\/p>\n<p>With And\u014d mark under the base<\/p>\n<p>Showa era, mid 20th century<\/p>\n<p>H. 20.7 cm, Diam. 26.5cm<\/p>\n<p>Public collections : <em>A similar pair of vases with red background and orchids design in the Liang Li Museum, Hong Kong- a vase around the same date of production in the British Museum<\/em><\/p>","protected":false},"featured_media":509,"template":"","meta":{"_editorskit_title_hidden":false,"_editorskit_reading_time":0,"_editorskit_is_block_options_detached":false,"_editorskit_block_options_position":"{}","_eb_attr":""},"product_brand":[],"product_cat":[199],"product_tag":[293],"class_list":{"0":"post-514","1":"product","2":"type-product","3":"status-publish","4":"has-post-thumbnail","6":"product_cat-email","7":"product_tag-ando-company","9":"first","10":"instock","11":"shipping-taxable","12":"purchasable","13":"product-type-simple"},"yoast_head":"<!-- This site is optimized with the Yoast SEO plugin v25.9 - https:\/\/yoast.com\/wordpress\/plugins\/seo\/ -->\n<title>Vase en \u00e9mail cloisonn\u00e9 - Tsukimi Gallery<\/title>\n<meta name=\"description\" content=\"Vase en \u00e9mail cloisonn\u00e9 portant un d\u00e9cor de brin d&#039;orge sur fond rouge fonc\u00e9, orange et cr\u00e8me, montures et cloisons en argent.\" \/>\n<meta name=\"robots\" content=\"noindex, follow, max-snippet:-1, max-image-preview:large, max-video-preview:-1\" \/>\n<meta property=\"og:locale\" content=\"en_GB\" \/>\n<meta property=\"og:type\" content=\"article\" \/>\n<meta property=\"og:title\" content=\"Vase en \u00e9mail cloisonn\u00e9 - Tsukimi Gallery\" \/>\n<meta property=\"og:description\" content=\"Vase en \u00e9mail cloisonn\u00e9 portant un d\u00e9cor de brin d&#039;orge sur fond rouge fonc\u00e9, orange et cr\u00e8me, montures et cloisons en argent.\" \/>\n<meta property=\"og:url\" content=\"https:\/\/seo.geoffroycrabieres.com\/en\/product\/vase-email-cloisonne-ando-jubei\/\" \/>\n<meta property=\"og:site_name\" content=\"Tsukimi Gallery\" \/>\n<meta property=\"article:modified_time\" content=\"2025-08-19T09:02:23+00:00\" \/>\n<meta property=\"og:image\" content=\"https:\/\/seo.geoffroycrabieres.com\/wp-content\/uploads\/2025\/04\/212a-copie-1.webp\" \/>\n\t<meta property=\"og:image:width\" content=\"2446\" \/>\n\t<meta property=\"og:image:height\" content=\"1747\" \/>\n\t<meta property=\"og:image:type\" content=\"image\/webp\" \/>\n<meta name=\"twitter:card\" content=\"summary_large_image\" \/>\n<meta name=\"twitter:label1\" content=\"Estimated reading time\" \/>\n\t<meta name=\"twitter:data1\" content=\"1 minute\" \/>\n<script type=\"application\/ld+json\" class=\"yoast-schema-graph\">{\"@context\":\"https:\/\/schema.org\",\"@graph\":[{\"@type\":\"WebPage\",\"@id\":\"https:\/\/seo.geoffroycrabieres.com\/product\/vase-email-cloisonne-ando-jubei\/\",\"url\":\"https:\/\/seo.geoffroycrabieres.com\/product\/vase-email-cloisonne-ando-jubei\/\",\"name\":\"Vase en \u00e9mail cloisonn\u00e9 - Tsukimi Gallery\",\"isPartOf\":{\"@id\":\"https:\/\/seo.geoffroycrabieres.com\/#website\"},\"primaryImageOfPage\":{\"@id\":\"https:\/\/seo.geoffroycrabieres.com\/product\/vase-email-cloisonne-ando-jubei\/#primaryimage\"},\"image\":{\"@id\":\"https:\/\/seo.geoffroycrabieres.com\/product\/vase-email-cloisonne-ando-jubei\/#primaryimage\"},\"thumbnailUrl\":\"https:\/\/seo.geoffroycrabieres.com\/wp-content\/uploads\/2025\/04\/212a-copie-1.webp\",\"datePublished\":\"2025-05-29T16:03:01+00:00\",\"dateModified\":\"2025-08-19T09:02:23+00:00\",\"description\":\"Vase en \u00e9mail cloisonn\u00e9 portant un d\u00e9cor de brin d'orge sur fond rouge fonc\u00e9, orange et cr\u00e8me, montures et cloisons en argent.\",\"breadcrumb\":{\"@id\":\"https:\/\/seo.geoffroycrabieres.com\/product\/vase-email-cloisonne-ando-jubei\/#breadcrumb\"},\"inLanguage\":\"en-GB\",\"potentialAction\":[{\"@type\":\"ReadAction\",\"target\":[\"https:\/\/seo.geoffroycrabieres.com\/product\/vase-email-cloisonne-ando-jubei\/\"]}]},{\"@type\":\"ImageObject\",\"inLanguage\":\"en-GB\",\"@id\":\"https:\/\/seo.geoffroycrabieres.com\/product\/vase-email-cloisonne-ando-jubei\/#primaryimage\",\"url\":\"https:\/\/seo.geoffroycrabieres.com\/wp-content\/uploads\/2025\/04\/212a-copie-1.webp\",\"contentUrl\":\"https:\/\/seo.geoffroycrabieres.com\/wp-content\/uploads\/2025\/04\/212a-copie-1.webp\",\"width\":2446,\"height\":1747,\"caption\":\"Vase en \u00e9mail cloisonn\u00e9 \u00e0 fond rouge d'Ando Jubei\"},{\"@type\":\"BreadcrumbList\",\"@id\":\"https:\/\/seo.geoffroycrabieres.com\/product\/vase-email-cloisonne-ando-jubei\/#breadcrumb\",\"itemListElement\":[{\"@type\":\"ListItem\",\"position\":1,\"name\":\"Accueil\",\"item\":\"https:\/\/seo.geoffroycrabieres.com\/\"},{\"@type\":\"ListItem\",\"position\":2,\"name\":\"Shop\",\"item\":\"https:\/\/seo.geoffroycrabieres.com\/shop\/\"},{\"@type\":\"ListItem\",\"position\":3,\"name\":\"Vase en \u00e9mail cloisonn\u00e9\"}]},{\"@type\":\"WebSite\",\"@id\":\"https:\/\/seo.geoffroycrabieres.com\/#website\",\"url\":\"https:\/\/seo.geoffroycrabieres.com\/\",\"name\":\"Tsukimi Gallery\",\"description\":\"\",\"publisher\":{\"@id\":\"https:\/\/seo.geoffroycrabieres.com\/#organization\"},\"potentialAction\":[{\"@type\":\"SearchAction\",\"target\":{\"@type\":\"EntryPoint\",\"urlTemplate\":\"https:\/\/seo.geoffroycrabieres.com\/?s={search_term_string}\"},\"query-input\":{\"@type\":\"PropertyValueSpecification\",\"valueRequired\":true,\"valueName\":\"search_term_string\"}}],\"inLanguage\":\"en-GB\"},{\"@type\":\"Organization\",\"@id\":\"https:\/\/seo.geoffroycrabieres.com\/#organization\",\"name\":\"Tsukimi Gallery\",\"url\":\"https:\/\/seo.geoffroycrabieres.com\/\",\"logo\":{\"@type\":\"ImageObject\",\"inLanguage\":\"en-GB\",\"@id\":\"https:\/\/seo.geoffroycrabieres.com\/#\/schema\/logo\/image\/\",\"url\":\"https:\/\/seo.geoffroycrabieres.com\/wp-content\/uploads\/2025\/04\/Logo-color.png\",\"contentUrl\":\"https:\/\/seo.geoffroycrabieres.com\/wp-content\/uploads\/2025\/04\/Logo-color.png\",\"width\":363,\"height\":100,\"caption\":\"Tsukimi Gallery\"},\"image\":{\"@id\":\"https:\/\/seo.geoffroycrabieres.com\/#\/schema\/logo\/image\/\"}}]}<\/script>\n<!-- \/ Yoast SEO plugin. -->","yoast_head_json":{"title":"Vase en \u00e9mail cloisonn\u00e9 - Tsukimi Gallery","description":"Vase en \u00e9mail cloisonn\u00e9 portant un d\u00e9cor de brin d'orge sur fond rouge fonc\u00e9, orange et cr\u00e8me, montures et cloisons en argent.","robots":{"index":"noindex","follow":"follow","max-snippet":"max-snippet:-1","max-image-preview":"max-image-preview:large","max-video-preview":"max-video-preview:-1"},"og_locale":"en_GB","og_type":"article","og_title":"Vase en \u00e9mail cloisonn\u00e9 - Tsukimi Gallery","og_description":"Vase en \u00e9mail cloisonn\u00e9 portant un d\u00e9cor de brin d'orge sur fond rouge fonc\u00e9, orange et cr\u00e8me, montures et cloisons en argent.","og_url":"https:\/\/seo.geoffroycrabieres.com\/en\/product\/vase-email-cloisonne-ando-jubei\/","og_site_name":"Tsukimi Gallery","article_modified_time":"2025-08-19T09:02:23+00:00","og_image":[{"width":2446,"height":1747,"url":"https:\/\/seo.geoffroycrabieres.com\/wp-content\/uploads\/2025\/04\/212a-copie-1.webp","type":"image\/webp"}],"twitter_card":"summary_large_image","twitter_misc":{"Estimated reading time":"1 minute"},"schema":{"@context":"https:\/\/schema.org","@graph":[{"@type":"WebPage","@id":"https:\/\/seo.geoffroycrabieres.com\/product\/vase-email-cloisonne-ando-jubei\/","url":"https:\/\/seo.geoffroycrabieres.com\/product\/vase-email-cloisonne-ando-jubei\/","name":"Vase en \u00e9mail cloisonn\u00e9 - Tsukimi Gallery","isPartOf":{"@id":"https:\/\/seo.geoffroycrabieres.com\/#website"},"primaryImageOfPage":{"@id":"https:\/\/seo.geoffroycrabieres.com\/product\/vase-email-cloisonne-ando-jubei\/#primaryimage"},"image":{"@id":"https:\/\/seo.geoffroycrabieres.com\/product\/vase-email-cloisonne-ando-jubei\/#primaryimage"},"thumbnailUrl":"https:\/\/seo.geoffroycrabieres.com\/wp-content\/uploads\/2025\/04\/212a-copie-1.webp","datePublished":"2025-05-29T16:03:01+00:00","dateModified":"2025-08-19T09:02:23+00:00","description":"Vase en \u00e9mail cloisonn\u00e9 portant un d\u00e9cor de brin d'orge sur fond rouge fonc\u00e9, orange et cr\u00e8me, montures et cloisons en argent.","breadcrumb":{"@id":"https:\/\/seo.geoffroycrabieres.com\/product\/vase-email-cloisonne-ando-jubei\/#breadcrumb"},"inLanguage":"en-GB","potentialAction":[{"@type":"ReadAction","target":["https:\/\/seo.geoffroycrabieres.com\/product\/vase-email-cloisonne-ando-jubei\/"]}]},{"@type":"ImageObject","inLanguage":"en-GB","@id":"https:\/\/seo.geoffroycrabieres.com\/product\/vase-email-cloisonne-ando-jubei\/#primaryimage","url":"https:\/\/seo.geoffroycrabieres.com\/wp-content\/uploads\/2025\/04\/212a-copie-1.webp","contentUrl":"https:\/\/seo.geoffroycrabieres.com\/wp-content\/uploads\/2025\/04\/212a-copie-1.webp","width":2446,"height":1747,"caption":"Vase en \u00e9mail cloisonn\u00e9 \u00e0 fond rouge d'Ando Jubei"},{"@type":"BreadcrumbList","@id":"https:\/\/seo.geoffroycrabieres.com\/product\/vase-email-cloisonne-ando-jubei\/#breadcrumb","itemListElement":[{"@type":"ListItem","position":1,"name":"Accueil","item":"https:\/\/seo.geoffroycrabieres.com\/"},{"@type":"ListItem","position":2,"name":"Shop","item":"https:\/\/seo.geoffroycrabieres.com\/shop\/"},{"@type":"ListItem","position":3,"name":"Vase en \u00e9mail cloisonn\u00e9"}]},{"@type":"WebSite","@id":"https:\/\/seo.geoffroycrabieres.com\/#website","url":"https:\/\/seo.geoffroycrabieres.com\/","name":"Tsukimi Gallery","description":"","publisher":{"@id":"https:\/\/seo.geoffroycrabieres.com\/#organization"},"potentialAction":[{"@type":"SearchAction","target":{"@type":"EntryPoint","urlTemplate":"https:\/\/seo.geoffroycrabieres.com\/?s={search_term_string}"},"query-input":{"@type":"PropertyValueSpecification","valueRequired":true,"valueName":"search_term_string"}}],"inLanguage":"en-GB"},{"@type":"Organization","@id":"https:\/\/seo.geoffroycrabieres.com\/#organization","name":"Tsukimi Gallery","url":"https:\/\/seo.geoffroycrabieres.com\/","logo":{"@type":"ImageObject","inLanguage":"en-GB","@id":"https:\/\/seo.geoffroycrabieres.com\/#\/schema\/logo\/image\/","url":"https:\/\/seo.geoffroycrabieres.com\/wp-content\/uploads\/2025\/04\/Logo-color.png","contentUrl":"https:\/\/seo.geoffroycrabieres.com\/wp-content\/uploads\/2025\/04\/Logo-color.png","width":363,"height":100,"caption":"Tsukimi Gallery"},"image":{"@id":"https:\/\/seo.geoffroycrabieres.com\/#\/schema\/logo\/image\/"}}]}},"_links":{"self":[{"href":"https:\/\/seo.geoffroycrabieres.com\/en\/wp-json\/wp\/v2\/product\/514","targetHints":{"allow":["GET"]}}],"collection":[{"href":"https:\/\/seo.geoffroycrabieres.com\/en\/wp-json\/wp\/v2\/product"}],"about":[{"href":"https:\/\/seo.geoffroycrabieres.com\/en\/wp-json\/wp\/v2\/types\/product"}],"wp:featuredmedia":[{"embeddable":true,"href":"https:\/\/seo.geoffroycrabieres.com\/en\/wp-json\/wp\/v2\/media\/509"}],"wp:attachment":[{"href":"https:\/\/seo.geoffroycrabieres.com\/en\/wp-json\/wp\/v2\/media?parent=514"}],"wp:term":[{"taxonomy":"product_brand","embeddable":true,"href":"https:\/\/seo.geoffroycrabieres.com\/en\/wp-json\/wp\/v2\/product_brand?post=514"},{"taxonomy":"product_cat","embeddable":true,"href":"https:\/\/seo.geoffroycrabieres.com\/en\/wp-json\/wp\/v2\/product_cat?post=514"},{"taxonomy":"product_tag","embeddable":true,"href":"https:\/\/seo.geoffroycrabieres.com\/en\/wp-json\/wp\/v2\/product_tag?post=514"}],"curies":[{"name":"wp","href":"https:\/\/api.w.org\/{rel}","templated":true}]}}