{"id":656,"date":"2025-08-13T10:45:17","date_gmt":"2025-08-13T09:45:17","guid":{"rendered":"https:\/\/seo.geoffroycrabieres.com\/?post_type=product&#038;p=656"},"modified":"2025-08-13T11:14:08","modified_gmt":"2025-08-13T10:14:08","slug":"sadamtsu-zenji-vase","status":"publish","type":"product","link":"https:\/\/seo.geoffroycrabieres.com\/en\/product\/sadamtsu-zenji-vase\/","title":{"rendered":"Tall, black and red-cinabar vase"},"content":{"rendered":"<p><strong>\u00c0 propos de Sadamatsu Zenji\u00a0<\/strong><\/p>\n\n\n\n<p>Member of the Saga Ceramic Art Association, Sadamatsu Zenji is appreciated for his\nbeautiful, large scale pieces, skillfully employing techniques such as cinnabar glaze, tenmoku glaze, and golden glaze.\nIn the work presented here, the interplay of red and black stands out with striking vividness and a sense of harmony.<br>Dans l\u2019\u0153uvre pr\u00e9sent\u00e9e ici, le jeu entre le rouge et le noir se distingue par son \u00e9clat saisissant et par un sentiment d\u2019harmonie.<\/p>\n\n\n\n<div id=\"read-more\">Read more<\/div>","protected":false},"excerpt":{"rendered":"<p>A tall porcelain vase, covered with a temmoku glaze in white, red-cinnabar, and dark green, set against a deep black background. With original inscribed wood storage box.<\/p>\n<p>Signed on the base<\/p>\n<p>Heisei era (1989-2019)<\/p>\n<p>H. 38,7 cm, diam 20,8 cm<\/p>","protected":false},"featured_media":657,"template":"","meta":{"_editorskit_title_hidden":false,"_editorskit_reading_time":0,"_editorskit_is_block_options_detached":false,"_editorskit_block_options_position":"{}","_eb_attr":""},"product_brand":[],"product_cat":[198,197],"product_tag":[303],"class_list":{"0":"post-656","1":"product","2":"type-product","3":"status-publish","4":"has-post-thumbnail","6":"product_cat-ceramique","7":"product_cat-nouveautes","8":"product_tag-sadamatsu-zenji","10":"first","11":"instock","12":"shipping-taxable","13":"purchasable","14":"product-type-simple"},"yoast_head":"<!-- This site is optimized with the Yoast SEO plugin v25.9 - https:\/\/yoast.com\/wordpress\/plugins\/seo\/ -->\n<title>Grand vase noir et rouge cinabre - Tsukimi Gallery<\/title>\n<meta name=\"description\" content=\"Sadamtsu Zenji, Grand vase en porcelaine, couvert d&#039;une gla\u00e7ure temmoku blanche, rouge-cinabre et vert fonc\u00e9, sur fond noir.\" \/>\n<meta name=\"robots\" content=\"noindex, follow, max-snippet:-1, max-image-preview:large, max-video-preview:-1\" \/>\n<meta property=\"og:locale\" content=\"en_GB\" \/>\n<meta property=\"og:type\" content=\"article\" \/>\n<meta property=\"og:title\" content=\"Grand vase noir et rouge cinabre - Tsukimi Gallery\" \/>\n<meta property=\"og:description\" content=\"Sadamtsu Zenji, Grand vase en porcelaine, couvert d&#039;une gla\u00e7ure temmoku blanche, rouge-cinabre et vert fonc\u00e9, sur fond noir.\" \/>\n<meta property=\"og:url\" content=\"https:\/\/seo.geoffroycrabieres.com\/en\/product\/sadamtsu-zenji-vase\/\" \/>\n<meta property=\"og:site_name\" content=\"Tsukimi Gallery\" \/>\n<meta property=\"article:modified_time\" content=\"2025-08-13T10:14:08+00:00\" \/>\n<meta property=\"og:image\" content=\"https:\/\/seo.geoffroycrabieres.com\/wp-content\/uploads\/2025\/08\/219a-copie-scaled.webp\" \/>\n\t<meta property=\"og:image:width\" content=\"2560\" \/>\n\t<meta property=\"og:image:height\" content=\"1829\" \/>\n\t<meta property=\"og:image:type\" content=\"image\/webp\" \/>\n<meta name=\"twitter:card\" content=\"summary_large_image\" \/>\n<meta name=\"twitter:label1\" content=\"Estimated reading time\" \/>\n\t<meta name=\"twitter:data1\" content=\"1 minute\" \/>\n<script type=\"application\/ld+json\" class=\"yoast-schema-graph\">{\"@context\":\"https:\/\/schema.org\",\"@graph\":[{\"@type\":\"WebPage\",\"@id\":\"https:\/\/seo.geoffroycrabieres.com\/product\/sadamtsu-zenji-vase\/\",\"url\":\"https:\/\/seo.geoffroycrabieres.com\/product\/sadamtsu-zenji-vase\/\",\"name\":\"Grand vase noir et rouge cinabre - Tsukimi Gallery\",\"isPartOf\":{\"@id\":\"https:\/\/seo.geoffroycrabieres.com\/#website\"},\"primaryImageOfPage\":{\"@id\":\"https:\/\/seo.geoffroycrabieres.com\/product\/sadamtsu-zenji-vase\/#primaryimage\"},\"image\":{\"@id\":\"https:\/\/seo.geoffroycrabieres.com\/product\/sadamtsu-zenji-vase\/#primaryimage\"},\"thumbnailUrl\":\"https:\/\/seo.geoffroycrabieres.com\/wp-content\/uploads\/2025\/08\/219a-copie-scaled.webp\",\"datePublished\":\"2025-08-13T09:45:17+00:00\",\"dateModified\":\"2025-08-13T10:14:08+00:00\",\"description\":\"Sadamtsu Zenji, Grand vase en porcelaine, couvert d'une gla\u00e7ure temmoku blanche, rouge-cinabre et vert fonc\u00e9, sur fond noir.\",\"breadcrumb\":{\"@id\":\"https:\/\/seo.geoffroycrabieres.com\/product\/sadamtsu-zenji-vase\/#breadcrumb\"},\"inLanguage\":\"en-GB\",\"potentialAction\":[{\"@type\":\"ReadAction\",\"target\":[\"https:\/\/seo.geoffroycrabieres.com\/product\/sadamtsu-zenji-vase\/\"]}]},{\"@type\":\"ImageObject\",\"inLanguage\":\"en-GB\",\"@id\":\"https:\/\/seo.geoffroycrabieres.com\/product\/sadamtsu-zenji-vase\/#primaryimage\",\"url\":\"https:\/\/seo.geoffroycrabieres.com\/wp-content\/uploads\/2025\/08\/219a-copie-scaled.webp\",\"contentUrl\":\"https:\/\/seo.geoffroycrabieres.com\/wp-content\/uploads\/2025\/08\/219a-copie-scaled.webp\",\"width\":2560,\"height\":1829,\"caption\":\"Sadamatsu Zenji, tall ceramic vase in black and red cinnabar enamel\"},{\"@type\":\"BreadcrumbList\",\"@id\":\"https:\/\/seo.geoffroycrabieres.com\/product\/sadamtsu-zenji-vase\/#breadcrumb\",\"itemListElement\":[{\"@type\":\"ListItem\",\"position\":1,\"name\":\"Accueil\",\"item\":\"https:\/\/seo.geoffroycrabieres.com\/\"},{\"@type\":\"ListItem\",\"position\":2,\"name\":\"Shop\",\"item\":\"https:\/\/seo.geoffroycrabieres.com\/shop\/\"},{\"@type\":\"ListItem\",\"position\":3,\"name\":\"Grand vase noir et rouge cinabre\"}]},{\"@type\":\"WebSite\",\"@id\":\"https:\/\/seo.geoffroycrabieres.com\/#website\",\"url\":\"https:\/\/seo.geoffroycrabieres.com\/\",\"name\":\"Tsukimi Gallery\",\"description\":\"\",\"publisher\":{\"@id\":\"https:\/\/seo.geoffroycrabieres.com\/#organization\"},\"potentialAction\":[{\"@type\":\"SearchAction\",\"target\":{\"@type\":\"EntryPoint\",\"urlTemplate\":\"https:\/\/seo.geoffroycrabieres.com\/?s={search_term_string}\"},\"query-input\":{\"@type\":\"PropertyValueSpecification\",\"valueRequired\":true,\"valueName\":\"search_term_string\"}}],\"inLanguage\":\"en-GB\"},{\"@type\":\"Organization\",\"@id\":\"https:\/\/seo.geoffroycrabieres.com\/#organization\",\"name\":\"Tsukimi Gallery\",\"url\":\"https:\/\/seo.geoffroycrabieres.com\/\",\"logo\":{\"@type\":\"ImageObject\",\"inLanguage\":\"en-GB\",\"@id\":\"https:\/\/seo.geoffroycrabieres.com\/#\/schema\/logo\/image\/\",\"url\":\"https:\/\/seo.geoffroycrabieres.com\/wp-content\/uploads\/2025\/04\/Logo-color.png\",\"contentUrl\":\"https:\/\/seo.geoffroycrabieres.com\/wp-content\/uploads\/2025\/04\/Logo-color.png\",\"width\":363,\"height\":100,\"caption\":\"Tsukimi Gallery\"},\"image\":{\"@id\":\"https:\/\/seo.geoffroycrabieres.com\/#\/schema\/logo\/image\/\"}}]}<\/script>\n<!-- \/ Yoast SEO plugin. -->","yoast_head_json":{"title":"Grand vase noir et rouge cinabre - Tsukimi Gallery","description":"Sadamtsu Zenji, Grand vase en porcelaine, couvert d'une gla\u00e7ure temmoku blanche, rouge-cinabre et vert fonc\u00e9, sur fond noir.","robots":{"index":"noindex","follow":"follow","max-snippet":"max-snippet:-1","max-image-preview":"max-image-preview:large","max-video-preview":"max-video-preview:-1"},"og_locale":"en_GB","og_type":"article","og_title":"Grand vase noir et rouge cinabre - Tsukimi Gallery","og_description":"Sadamtsu Zenji, Grand vase en porcelaine, couvert d'une gla\u00e7ure temmoku blanche, rouge-cinabre et vert fonc\u00e9, sur fond noir.","og_url":"https:\/\/seo.geoffroycrabieres.com\/en\/product\/sadamtsu-zenji-vase\/","og_site_name":"Tsukimi Gallery","article_modified_time":"2025-08-13T10:14:08+00:00","og_image":[{"width":2560,"height":1829,"url":"https:\/\/seo.geoffroycrabieres.com\/wp-content\/uploads\/2025\/08\/219a-copie-scaled.webp","type":"image\/webp"}],"twitter_card":"summary_large_image","twitter_misc":{"Estimated reading time":"1 minute"},"schema":{"@context":"https:\/\/schema.org","@graph":[{"@type":"WebPage","@id":"https:\/\/seo.geoffroycrabieres.com\/product\/sadamtsu-zenji-vase\/","url":"https:\/\/seo.geoffroycrabieres.com\/product\/sadamtsu-zenji-vase\/","name":"Grand vase noir et rouge cinabre - Tsukimi Gallery","isPartOf":{"@id":"https:\/\/seo.geoffroycrabieres.com\/#website"},"primaryImageOfPage":{"@id":"https:\/\/seo.geoffroycrabieres.com\/product\/sadamtsu-zenji-vase\/#primaryimage"},"image":{"@id":"https:\/\/seo.geoffroycrabieres.com\/product\/sadamtsu-zenji-vase\/#primaryimage"},"thumbnailUrl":"https:\/\/seo.geoffroycrabieres.com\/wp-content\/uploads\/2025\/08\/219a-copie-scaled.webp","datePublished":"2025-08-13T09:45:17+00:00","dateModified":"2025-08-13T10:14:08+00:00","description":"Sadamtsu Zenji, Grand vase en porcelaine, couvert d'une gla\u00e7ure temmoku blanche, rouge-cinabre et vert fonc\u00e9, sur fond noir.","breadcrumb":{"@id":"https:\/\/seo.geoffroycrabieres.com\/product\/sadamtsu-zenji-vase\/#breadcrumb"},"inLanguage":"en-GB","potentialAction":[{"@type":"ReadAction","target":["https:\/\/seo.geoffroycrabieres.com\/product\/sadamtsu-zenji-vase\/"]}]},{"@type":"ImageObject","inLanguage":"en-GB","@id":"https:\/\/seo.geoffroycrabieres.com\/product\/sadamtsu-zenji-vase\/#primaryimage","url":"https:\/\/seo.geoffroycrabieres.com\/wp-content\/uploads\/2025\/08\/219a-copie-scaled.webp","contentUrl":"https:\/\/seo.geoffroycrabieres.com\/wp-content\/uploads\/2025\/08\/219a-copie-scaled.webp","width":2560,"height":1829,"caption":"Sadamatsu Zenji, tall ceramic vase in black and red cinnabar enamel"},{"@type":"BreadcrumbList","@id":"https:\/\/seo.geoffroycrabieres.com\/product\/sadamtsu-zenji-vase\/#breadcrumb","itemListElement":[{"@type":"ListItem","position":1,"name":"Accueil","item":"https:\/\/seo.geoffroycrabieres.com\/"},{"@type":"ListItem","position":2,"name":"Shop","item":"https:\/\/seo.geoffroycrabieres.com\/shop\/"},{"@type":"ListItem","position":3,"name":"Grand vase noir et rouge cinabre"}]},{"@type":"WebSite","@id":"https:\/\/seo.geoffroycrabieres.com\/#website","url":"https:\/\/seo.geoffroycrabieres.com\/","name":"Tsukimi Gallery","description":"","publisher":{"@id":"https:\/\/seo.geoffroycrabieres.com\/#organization"},"potentialAction":[{"@type":"SearchAction","target":{"@type":"EntryPoint","urlTemplate":"https:\/\/seo.geoffroycrabieres.com\/?s={search_term_string}"},"query-input":{"@type":"PropertyValueSpecification","valueRequired":true,"valueName":"search_term_string"}}],"inLanguage":"en-GB"},{"@type":"Organization","@id":"https:\/\/seo.geoffroycrabieres.com\/#organization","name":"Tsukimi Gallery","url":"https:\/\/seo.geoffroycrabieres.com\/","logo":{"@type":"ImageObject","inLanguage":"en-GB","@id":"https:\/\/seo.geoffroycrabieres.com\/#\/schema\/logo\/image\/","url":"https:\/\/seo.geoffroycrabieres.com\/wp-content\/uploads\/2025\/04\/Logo-color.png","contentUrl":"https:\/\/seo.geoffroycrabieres.com\/wp-content\/uploads\/2025\/04\/Logo-color.png","width":363,"height":100,"caption":"Tsukimi Gallery"},"image":{"@id":"https:\/\/seo.geoffroycrabieres.com\/#\/schema\/logo\/image\/"}}]}},"_links":{"self":[{"href":"https:\/\/seo.geoffroycrabieres.com\/en\/wp-json\/wp\/v2\/product\/656","targetHints":{"allow":["GET"]}}],"collection":[{"href":"https:\/\/seo.geoffroycrabieres.com\/en\/wp-json\/wp\/v2\/product"}],"about":[{"href":"https:\/\/seo.geoffroycrabieres.com\/en\/wp-json\/wp\/v2\/types\/product"}],"wp:featuredmedia":[{"embeddable":true,"href":"https:\/\/seo.geoffroycrabieres.com\/en\/wp-json\/wp\/v2\/media\/657"}],"wp:attachment":[{"href":"https:\/\/seo.geoffroycrabieres.com\/en\/wp-json\/wp\/v2\/media?parent=656"}],"wp:term":[{"taxonomy":"product_brand","embeddable":true,"href":"https:\/\/seo.geoffroycrabieres.com\/en\/wp-json\/wp\/v2\/product_brand?post=656"},{"taxonomy":"product_cat","embeddable":true,"href":"https:\/\/seo.geoffroycrabieres.com\/en\/wp-json\/wp\/v2\/product_cat?post=656"},{"taxonomy":"product_tag","embeddable":true,"href":"https:\/\/seo.geoffroycrabieres.com\/en\/wp-json\/wp\/v2\/product_tag?post=656"}],"curies":[{"name":"wp","href":"https:\/\/api.w.org\/{rel}","templated":true}]}}